{"id":99820,"date":"2021-12-09T14:18:42","date_gmt":"2021-12-09T12:18:42","guid":{"rendered":"http:\/\/balticguide.ee\/?page_id=99820"},"modified":"2021-12-09T14:20:30","modified_gmt":"2021-12-09T12:20:30","slug":"covid-19","status":"publish","type":"page","link":"https:\/\/balticguide.ee\/et\/covid-19\/","title":{"rendered":"COVID-19"},"content":{"rendered":"\n<p style=\"text-align: left;\">Visit Tallinna poolt v\u00e4lja antud m\u00e4rgisega &#8220;Siin on COVID-19 turvaline&#8221; kinnitame, et j\u00e4rgime meie tegutsemisvaldkonnale kehtestatud <a href=\"https:\/\/kriis.ee\/kriisi-juhtimine-kusimused-ja-vastused\/kriisi-juhtimine\/oigusaktid-ja-seletuskirjad\" target=\"_blank\" rel=\"noopener\"><span style=\"color: #0000ff;\">Vabariigi Valitsuse<\/span><\/a> korraldusi ja <a href=\"https:\/\/www.terviseamet.ee\/et\/koroonaviirus\/koroonaviiruse-haigus-covid-19-trukised-ja-juhendmaterjalid\" target=\"_blank\" rel=\"noopener\"><span style=\"color: #0000ff;\">Terviseameti<\/span><\/a> juhiseid, hoiame end nende j\u00e4rgimiseks infoga pidevalt kursis ning aitame k\u00fclastajatel t\u00e4ita kohapeal viiruse v\u00e4ltimise reegleid.<\/p>\n","protected":false},"excerpt":{"rendered":"<p>Visit Tallinna poolt v\u00e4lja antud m\u00e4rgisega &#8220;Siin on COVID-19 turvaline&#8221; kinnitame, et j\u00e4rgime meie tegutsemisvaldkonnale kehtestatud Vabariigi Valitsuse korraldusi ja &hellip; <span class=\"read-more-excerpt\">Loe veel<\/span><\/p>\n","protected":false},"author":10,"featured_media":0,"parent":0,"menu_order":0,"comment_status":"closed","ping_status":"closed","template":"","meta":{"_acf_changed":false,"om_disable_all_campaigns":false,"_monsterinsights_skip_tracking":false,"_monsterinsights_sitenote_active":false,"_monsterinsights_sitenote_note":"","_monsterinsights_sitenote_category":0,"_uf_show_specific_survey":0,"_uf_disable_surveys":false,"ngg_post_thumbnail":0,"footnotes":"","_links_to":"","_links_to_target":""},"class_list":["post-99820","page","type-page","status-publish","hentry"],"acf":[],"aioseo_notices":[],"_links":{"self":[{"href":"https:\/\/balticguide.ee\/et\/wp-json\/wp\/v2\/pages\/99820","targetHints":{"allow":["GET"]}}],"collection":[{"href":"https:\/\/balticguide.ee\/et\/wp-json\/wp\/v2\/pages"}],"about":[{"href":"https:\/\/balticguide.ee\/et\/wp-json\/wp\/v2\/types\/page"}],"author":[{"embeddable":true,"href":"https:\/\/balticguide.ee\/et\/wp-json\/wp\/v2\/users\/10"}],"replies":[{"embeddable":true,"href":"https:\/\/balticguide.ee\/et\/wp-json\/wp\/v2\/comments?post=99820"}],"version-history":[{"count":1,"href":"https:\/\/balticguide.ee\/et\/wp-json\/wp\/v2\/pages\/99820\/revisions"}],"predecessor-version":[{"id":99821,"href":"https:\/\/balticguide.ee\/et\/wp-json\/wp\/v2\/pages\/99820\/revisions\/99821"}],"wp:attachment":[{"href":"https:\/\/balticguide.ee\/et\/wp-json\/wp\/v2\/media?parent=99820"}],"curies":[{"name":"wp","href":"https:\/\/api.w.org\/{rel}","templated":true}]}}