{"id":9,"date":"2013-06-03T12:45:05","date_gmt":"2013-06-03T09:45:05","guid":{"rendered":"http:\/\/balticguide.ee\/?page_id=9"},"modified":"2023-05-09T15:50:57","modified_gmt":"2023-05-09T12:50:57","slug":"kontaktid","status":"publish","type":"page","link":"https:\/\/balticguide.ee\/et\/kontaktid\/","title":{"rendered":"Kontaktid"},"content":{"rendered":"<p class=\"p1\"><span class=\"s1\"><strong>Guide Marketing O\u00dc<\/strong><\/span><\/p>\n<p class=\"p1\"><span class=\"s1\">P\u00f5hja pst 25<\/span><\/p>\n<p class=\"p1\"><span class=\"s1\">10415 TALLINN<\/span><\/p>\n<p class=\"p1\"><span class=\"s1\">EESTI<\/span><\/p>\n<p class=\"p1\"><span class=\"s1\">Toimetuse e-mail: <a href=\"mailto:editorial@balticguide.ee\">editorial@balticguide.ee<\/a><\/span><\/p>\n<p class=\"p1\"><span class=\"s1\">Reklaamim\u00fc\u00fcgi e-mail: <a href=\"mailto:marketing@balticguide.ee\">marketing@balticguide.ee<\/a><\/span><\/p>\n<p class=\"p1\"><span class=\"s1\">Tel. +372 5646 2334<\/span><\/p>\n<p>&nbsp;<\/p>\n<table style=\"width: 100%; height: 2957px;\" border=\"0\" cellspacing=\"1\" cellpadding=\"0\">\n<tbody>\n<tr style=\"height: 75px;\">\n<td style=\"height: 75px;\">&nbsp;<\/td>\n<td style=\"height: 75px;\">&nbsp;<\/td>\n<td style=\"height: 75px;\">&nbsp;<\/td>\n<\/tr>\n<tr style=\"height: 215px;\">\n<td style=\"height: 10px;\">&nbsp;<\/td>\n<td style=\"height: 10px;\">&nbsp;<\/td>\n<td style=\"height: 10px;\">&nbsp;<\/td>\n<\/tr>\n<tr style=\"height: 24px;\">\n<td style=\"height: 24px;\">&nbsp;<\/td>\n<td style=\"height: 24px;\">&nbsp;<\/td>\n<td style=\"height: 24px;\">&nbsp;<\/td>\n<\/tr>\n<tr style=\"height: 24px;\">\n<td style=\"height: 24px;\">&nbsp;<\/td>\n<td style=\"height: 24px;\">&nbsp;<\/td>\n<td style=\"height: 24px;\">&nbsp;<\/td>\n<\/tr>\n<tr style=\"height: 24px;\">\n<td style=\"height: 24px;\">&nbsp;<\/td>\n<td style=\"height: 24px;\">&nbsp;<\/td>\n<td style=\"height: 24px;\">&nbsp;<\/td>\n<\/tr>\n<tr style=\"height: 24px;\">\n<td style=\"height: 24px;\">&nbsp;<\/td>\n<td style=\"height: 24px;\">&nbsp;<\/td>\n<td style=\"height: 24px;\">&nbsp;<\/td>\n<\/tr>\n<tr style=\"height: 24px;\">\n<td style=\"height: 24px;\">&nbsp;<\/td>\n<td style=\"height: 24px;\">&nbsp;<\/td>\n<td style=\"height: 24px;\">&nbsp;<\/td>\n<\/tr>\n<tr style=\"height: 75px;\">\n<td style=\"height: 75px;\">&nbsp;<\/td>\n<td style=\"height: 75px;\">&nbsp;<\/td>\n<td style=\"height: 75px;\">&nbsp;<\/td>\n<\/tr>\n<tr style=\"height: 258px;\">\n<td style=\"height: 258px;\">&nbsp;<\/td>\n<td style=\"height: 258px;\">&nbsp;<\/td>\n<td style=\"height: 258px;\">&nbsp;<\/td>\n<\/tr>\n<tr style=\"height: 24px;\">\n<td style=\"height: 24px;\">&nbsp;<\/td>\n<td style=\"height: 24px;\">&nbsp;<\/td>\n<td style=\"height: 24px;\">&nbsp;<\/td>\n<\/tr>\n<tr style=\"height: 24px;\">\n<td style=\"height: 24px;\">&nbsp;<\/td>\n<td style=\"height: 24px;\">&nbsp;<\/td>\n<td style=\"height: 24px;\">&nbsp;<\/td>\n<\/tr>\n<tr style=\"height: 24px;\">\n<td style=\"height: 24px;\">&nbsp;<\/td>\n<td style=\"height: 24px;\">&nbsp;<\/td>\n<td style=\"height: 24px;\">&nbsp;<\/td>\n<\/tr>\n<tr style=\"height: 24px;\">\n<td style=\"height: 24px;\">&nbsp;<\/td>\n<td style=\"height: 24px;\">&nbsp;<\/td>\n<td style=\"height: 24px;\">&nbsp;<\/td>\n<\/tr>\n<tr style=\"height: 24px;\">\n<td style=\"height: 24px;\">&nbsp;<\/td>\n<td style=\"height: 24px;\">&nbsp;<\/td>\n<td style=\"height: 24px;\">&nbsp;<\/td>\n<\/tr>\n<tr style=\"height: 24px;\">\n<td style=\"height: 24px;\">&nbsp;<\/td>\n<td style=\"height: 24px;\">&nbsp;<\/td>\n<td style=\"height: 24px;\">&nbsp;<\/td>\n<\/tr>\n<tr style=\"height: 24px;\">\n<td style=\"height: 24px;\">&nbsp;<\/td>\n<td style=\"height: 24px;\">&nbsp;<\/td>\n<td style=\"height: 24px;\">&nbsp;<\/td>\n<\/tr>\n<tr style=\"height: 258px;\">\n<td style=\"height: 258px;\">&nbsp;<\/td>\n<td style=\"height: 258px;\">&nbsp;<\/td>\n<td style=\"height: 258px;\">&nbsp;<\/td>\n<\/tr>\n<tr style=\"height: 24px;\">\n<td style=\"height: 24px;\">&nbsp;<\/td>\n<td style=\"height: 24px;\">&nbsp;<\/td>\n<td style=\"height: 24px;\">&nbsp;<\/td>\n<\/tr>\n<tr style=\"height: 24px;\">\n<td style=\"height: 24px;\">&nbsp;<\/td>\n<td style=\"height: 24px;\">&nbsp;<\/td>\n<td style=\"height: 24px;\">&nbsp;<\/td>\n<\/tr>\n<tr style=\"height: 24px;\">\n<td style=\"height: 24px;\">&nbsp;<\/td>\n<td style=\"height: 24px;\">&nbsp;<\/td>\n<td style=\"height: 24px;\">&nbsp;<\/td>\n<\/tr>\n<tr style=\"height: 24px;\">\n<td style=\"height: 24px;\">&nbsp;<\/td>\n<td style=\"height: 24px;\">&nbsp;<\/td>\n<td style=\"height: 24px;\">&nbsp;<\/td>\n<\/tr>\n<tr style=\"height: 24px;\">\n<td style=\"height: 24px;\">&nbsp;<\/td>\n<td style=\"height: 24px;\">&nbsp;<\/td>\n<td style=\"height: 24px;\">&nbsp;<\/td>\n<\/tr>\n<tr style=\"height: 24px;\">\n<td style=\"height: 24px;\">&nbsp;<\/td>\n<td style=\"height: 24px;\">&nbsp;<\/td>\n<td style=\"height: 24px;\">&nbsp;<\/td>\n<\/tr>\n<tr style=\"height: 24px;\">\n<td style=\"height: 24px;\">&nbsp;<\/td>\n<td style=\"height: 24px;\">&nbsp;<\/td>\n<td style=\"height: 24px;\">&nbsp;<\/td>\n<\/tr>\n<tr style=\"height: 24px;\">\n<td style=\"height: 24px;\">&nbsp;<\/td>\n<td style=\"height: 24px;\">&nbsp;<\/td>\n<td style=\"height: 24px;\">&nbsp;<\/td>\n<\/tr>\n<tr style=\"height: 24px;\">\n<td style=\"height: 24px;\">&nbsp;<\/td>\n<td style=\"height: 24px;\">&nbsp;<\/td>\n<td style=\"height: 24px;\">&nbsp;<\/td>\n<\/tr>\n<tr style=\"height: 24px;\">\n<td style=\"height: 24px;\">&nbsp;<\/td>\n<td style=\"height: 24px;\">&nbsp;<\/td>\n<td style=\"height: 24px;\">&nbsp;<\/td>\n<\/tr>\n<tr style=\"height: 75px;\">\n<td style=\"height: 75px;\">&nbsp;<\/td>\n<td style=\"height: 75px;\">&nbsp;<\/td>\n<td style=\"height: 75px;\">&nbsp;<\/td>\n<\/tr>\n<tr style=\"height: 215px;\">\n<td style=\"height: 215px;\">&nbsp;<\/td>\n<td style=\"height: 215px;\">&nbsp;<\/td>\n<td style=\"height: 215px;\">&nbsp;<\/td>\n<\/tr>\n<tr style=\"height: 24px;\">\n<td style=\"height: 24px;\">&nbsp;<\/td>\n<td style=\"height: 24px;\">&nbsp;<\/td>\n<td style=\"height: 24px;\">&nbsp;<\/td>\n<\/tr>\n<tr style=\"height: 24px;\">\n<td style=\"height: 24px;\">&nbsp;<\/td>\n<td style=\"height: 24px;\">&nbsp;<\/td>\n<td style=\"height: 24px;\">&nbsp;<\/td>\n<\/tr>\n<tr style=\"height: 24px;\">\n<td style=\"height: 24px;\">&nbsp;<\/td>\n<td style=\"height: 24px;\">&nbsp;<\/td>\n<td style=\"height: 24px;\">&nbsp;<\/td>\n<\/tr>\n<tr style=\"height: 24px;\">\n<td style=\"height: 24px;\">&nbsp;<\/td>\n<td style=\"height: 24px;\">&nbsp;<\/td>\n<td style=\"height: 24px;\">&nbsp;<\/td>\n<\/tr>\n<tr style=\"height: 24px;\">\n<td style=\"height: 24px;\">&nbsp;<\/td>\n<td style=\"height: 24px;\">&nbsp;<\/td>\n<td style=\"height: 24px;\">&nbsp;<\/td>\n<\/tr>\n<tr style=\"height: 215px;\">\n<td style=\"height: 215px;\">&nbsp;<\/td>\n<td style=\"height: 215px;\">&nbsp;<\/td>\n<td style=\"height: 215px;\">&nbsp;<\/td>\n<\/tr>\n<tr style=\"height: 24px;\">\n<td style=\"height: 24px;\">&nbsp;<\/td>\n<td style=\"height: 24px;\">&nbsp;<\/td>\n<td style=\"height: 24px;\">&nbsp;<\/td>\n<\/tr>\n<tr style=\"height: 24px;\">\n<td style=\"height: 24px;\">&nbsp;<\/td>\n<td style=\"height: 24px;\">&nbsp;<\/td>\n<td style=\"height: 24px;\">&nbsp;<\/td>\n<\/tr>\n<tr style=\"height: 24px;\">\n<td style=\"height: 24px;\">&nbsp;<\/td>\n<td style=\"height: 24px;\">&nbsp;<\/td>\n<td style=\"height: 24px;\">&nbsp;<\/td>\n<\/tr>\n<tr style=\"height: 24px;\">\n<td style=\"height: 24px;\">&nbsp;<\/td>\n<td style=\"height: 24px;\">&nbsp;<\/td>\n<td style=\"height: 24px;\">&nbsp;<\/td>\n<\/tr>\n<tr style=\"height: 24px;\">\n<td style=\"height: 24px;\">&nbsp;<\/td>\n<td style=\"height: 24px;\">&nbsp;<\/td>\n<td style=\"height: 24px;\">&nbsp;<\/td>\n<\/tr>\n<tr style=\"height: 215px;\">\n<td style=\"height: 215px;\">&nbsp;<\/td>\n<td style=\"height: 215px;\">&nbsp;<\/td>\n<td style=\"height: 215px;\">&nbsp;<\/td>\n<\/tr>\n<tr style=\"height: 24px;\">\n<td style=\"height: 24px;\">&nbsp;<\/td>\n<td style=\"height: 24px;\">&nbsp;<\/td>\n<td style=\"height: 24px;\">&nbsp;<\/td>\n<\/tr>\n<tr style=\"height: 24px;\">\n<td style=\"height: 24px;\">&nbsp;<\/td>\n<td style=\"height: 24px;\">&nbsp;<\/td>\n<td style=\"height: 24px;\">&nbsp;<\/td>\n<\/tr>\n<tr style=\"height: 24px;\">\n<td style=\"height: 24px;\">&nbsp;<\/td>\n<td style=\"height: 24px;\">&nbsp;<\/td>\n<td style=\"height: 24px;\">&nbsp;<\/td>\n<\/tr>\n<tr style=\"height: 24px;\">\n<td style=\"height: 24px;\">&nbsp;<\/td>\n<td style=\"height: 24px;\">&nbsp;<\/td>\n<td style=\"height: 24px;\">&nbsp;<\/td>\n<\/tr>\n<tr style=\"height: 75px;\">\n<td style=\"height: 75px;\">&nbsp;<\/td>\n<td style=\"height: 75px;\">&nbsp;<\/td>\n<td style=\"height: 75px;\">&nbsp;<\/td>\n<\/tr>\n<tr style=\"height: 215px;\">\n<td style=\"height: 215px;\">&nbsp;<\/td>\n<td style=\"height: 215px;\">&nbsp;<\/td>\n<td style=\"height: 215px;\">&nbsp;<\/td>\n<\/tr>\n<tr style=\"height: 24px;\">\n<td style=\"height: 24px;\">&nbsp;<\/td>\n<td style=\"height: 24px;\">&nbsp;<\/td>\n<td style=\"height: 24px;\">&nbsp;<\/td>\n<\/tr>\n<tr style=\"height: 24px;\">\n<td style=\"height: 24px;\">&nbsp;<\/td>\n<td style=\"height: 24px;\">&nbsp;<\/td>\n<td style=\"height: 24px;\">&nbsp;<\/td>\n<\/tr>\n<tr style=\"height: 24px;\">\n<td style=\"height: 24px;\">&nbsp;<\/td>\n<td style=\"height: 24px;\">&nbsp;<\/td>\n<td style=\"height: 24px;\">&nbsp;<\/td>\n<\/tr>\n<tr style=\"height: 24px;\">\n<td style=\"height: 24px;\">&nbsp;<\/td>\n<td style=\"height: 24px;\">&nbsp;<\/td>\n<td style=\"height: 24px;\">&nbsp;<\/td>\n<\/tr>\n<tr style=\"height: 215px;\">\n<td style=\"height: 215px;\">&nbsp;<\/td>\n<td style=\"height: 215px;\">&nbsp;<\/td>\n<td style=\"height: 215px;\">&nbsp;<\/td>\n<\/tr>\n<tr style=\"height: 24px;\">\n<td style=\"height: 24px;\">&nbsp;<\/td>\n<td style=\"height: 24px;\">&nbsp;<\/td>\n<td style=\"height: 24px;\">&nbsp;<\/td>\n<\/tr>\n<tr style=\"height: 24px;\">\n<td style=\"height: 24px;\">&nbsp;<\/td>\n<td style=\"height: 24px;\"><b>&nbsp;<\/b><\/td>\n<td style=\"height: 24px;\"><b>&nbsp;<\/b><\/td>\n<\/tr>\n<tr style=\"height: 24px;\">\n<td style=\"height: 24px;\">&nbsp;<\/td>\n<td style=\"height: 24px;\">&nbsp;<\/td>\n<td style=\"height: 24px;\">&nbsp;<\/td>\n<\/tr>\n<tr style=\"height: 24px;\">\n<td style=\"height: 24px;\">&nbsp;<\/td>\n<td style=\"height: 24px;\">&nbsp;<\/td>\n<td style=\"height: 24px;\">&nbsp;<\/td>\n<\/tr>\n<\/tbody>\n<\/table>\n<p>&nbsp;<\/p>\n","protected":false},"excerpt":{"rendered":"<p>Guide Marketing O\u00dc P\u00f5hja pst 25 10415 TALLINN EESTI Toimetuse e-mail: editorial@balticguide.ee Reklaamim\u00fc\u00fcgi e-mail: marketing@balticguide.ee Tel. +372 5646 2334 &nbsp; &hellip; <span class=\"read-more-excerpt\">Loe veel<\/span><\/p>\n","protected":false},"author":1,"featured_media":0,"parent":0,"menu_order":0,"comment_status":"closed","ping_status":"open","template":"","meta":{"_acf_changed":false,"om_disable_all_campaigns":false,"_monsterinsights_skip_tracking":false,"_monsterinsights_sitenote_active":false,"_monsterinsights_sitenote_note":"","_monsterinsights_sitenote_category":0,"_uf_show_specific_survey":0,"_uf_disable_surveys":false,"ngg_post_thumbnail":0,"footnotes":"","_links_to":"","_links_to_target":""},"class_list":["post-9","page","type-page","status-publish","hentry"],"acf":[],"aioseo_notices":[],"_links":{"self":[{"href":"https:\/\/balticguide.ee\/et\/wp-json\/wp\/v2\/pages\/9","targetHints":{"allow":["GET"]}}],"collection":[{"href":"https:\/\/balticguide.ee\/et\/wp-json\/wp\/v2\/pages"}],"about":[{"href":"https:\/\/balticguide.ee\/et\/wp-json\/wp\/v2\/types\/page"}],"author":[{"embeddable":true,"href":"https:\/\/balticguide.ee\/et\/wp-json\/wp\/v2\/users\/1"}],"replies":[{"embeddable":true,"href":"https:\/\/balticguide.ee\/et\/wp-json\/wp\/v2\/comments?post=9"}],"version-history":[{"count":5,"href":"https:\/\/balticguide.ee\/et\/wp-json\/wp\/v2\/pages\/9\/revisions"}],"predecessor-version":[{"id":118482,"href":"https:\/\/balticguide.ee\/et\/wp-json\/wp\/v2\/pages\/9\/revisions\/118482"}],"wp:attachment":[{"href":"https:\/\/balticguide.ee\/et\/wp-json\/wp\/v2\/media?parent=9"}],"curies":[{"name":"wp","href":"https:\/\/api.w.org\/{rel}","templated":true}]}}