{"id":81,"date":"2013-06-16T13:12:52","date_gmt":"2013-06-16T10:12:52","guid":{"rendered":"http:\/\/balticguide.ee\/?page_id=81"},"modified":"2013-06-17T14:48:01","modified_gmt":"2013-06-17T11:48:01","slug":"meediakaardid-eesti-keeles","status":"publish","type":"page","link":"https:\/\/balticguide.ee\/et\/meediakaardid\/meediakaardid-eesti-keeles\/","title":{"rendered":"Meediakaardid eesti keeles"},"content":{"rendered":"<p>The Baltic Guide ajalehed on saavutanud aastatega suure tuntuse ja populaarsuse ning on kindlalt Eestit k\u00fclastavate turistide seas turismialastest v\u00e4ljaannetest esikohal.<\/p>\n<p>The Baltic Guide eelis teiste turismiv\u00e4ljaannete ees on \u00fclisuur tr\u00fckiarv (soomekeelne leht 40 000-65 000 tk \/kuus, rootsikeelne 15 000- 25 000 tk \/kuus), madal kontaktihind, suurep\u00e4rased jaotuskohad (alates juba Tallinki bussidest Rootsis, Stockholmi ja Helsingi sadamatest, Tallinna reisisadama terminalid, Tallinna Lennujaam, hotellid, turismiinfod \u00fcle Eesti jne.)<\/p>\n<p>Lehtedes on igakuiselt uuenev mitmek\u00fclgne ajakirjanduslik sisu. Lehed ilmuvad iga kuu alguses ja on lugejatele tasuta k\u00e4ttesaadavad.<\/p>\n<p>The Baltic Guide on suurep\u00e4rane meediakanal, mille vahendusel j\u00f5uab info sadade tuhandete potensiaalsete klientideni kuus!<\/p>\n<table style=\"width: 100%;\" border=\"0\">\n<tbody>\n<tr>\n<td colspan=\"4\">\n<h3>The Baltic Guide\u00a0 &#8211; soome keeles<\/h3>\n<\/td>\n<\/tr>\n<tr>\n<td>TBG soome keeles<\/td>\n<td>TBG suomeksi<\/td>\n<td>TBG in Finnish<\/td>\n<td>Eesti suvi &#8211; erinumber<\/td>\n<\/tr>\n<tr>\n<td><a href=\"https:\/\/balticguide.ee\/wp-content\/uploads\/2013\/06\/BG_meediakaart_2011_est.pdf\" target=\"_blank\"><img loading=\"lazy\" decoding=\"async\" class=\"alignnone size-full wp-image-220\" alt=\"Meediakaart 2010 print1\" src=\"https:\/\/balticguide.ee\/wp-content\/uploads\/2013\/06\/TBG-soome-1.jpg\" width=\"131\" height=\"185\" \/><\/a><\/td>\n<td><a href=\"https:\/\/balticguide.ee\/wp-content\/uploads\/2013\/06\/BG_meediakaart_2011_fin.pdf\" target=\"_blank\"><img loading=\"lazy\" decoding=\"async\" class=\"alignnone size-full wp-image-221\" alt=\"Meediakaart 2010 print1\" src=\"https:\/\/balticguide.ee\/wp-content\/uploads\/2013\/06\/TBG-soome-2.jpg\" width=\"131\" height=\"185\" \/><\/a><\/td>\n<td><a href=\"https:\/\/balticguide.ee\/wp-content\/uploads\/2013\/06\/BG_meediakaart_2011_eng.pdf\" target=\"_blank\"><img loading=\"lazy\" decoding=\"async\" class=\"alignnone size-full wp-image-222\" alt=\"Meediakaart 2010 print1\" src=\"https:\/\/balticguide.ee\/wp-content\/uploads\/2013\/06\/TBG-soome-3.jpg\" width=\"131\" height=\"185\" \/><\/a><\/td>\n<td><a href=\"https:\/\/balticguide.ee\/wp-content\/uploads\/2013\/06\/TBG11EST_suvi.pdf\" target=\"_blank\"><img loading=\"lazy\" decoding=\"async\" class=\"alignnone size-full wp-image-223\" alt=\"Eesti Suvi 2009 meediakaart_Marko\" src=\"https:\/\/balticguide.ee\/wp-content\/uploads\/2013\/06\/TBG-soome-4.jpg\" width=\"131\" height=\"185\" \/><\/a><\/td>\n<\/tr>\n<tr>\n<td><a href=\"https:\/\/balticguide.ee\/wp-content\/uploads\/2013\/06\/BG_meediakaart_2011_est.pdf\" target=\"_blank\">Lae alla meediakaart<\/a><\/td>\n<td><a href=\"https:\/\/balticguide.ee\/wp-content\/uploads\/2013\/06\/BG_meediakaart_2011_fin.pdf\" target=\"_blank\">Lataa mediakortti<\/a><\/td>\n<td><a href=\"https:\/\/balticguide.ee\/wp-content\/uploads\/2013\/06\/BG_meediakaart_2011_eng.pdf\" target=\"_blank\">Download mediakit<\/a><\/td>\n<td><a href=\"https:\/\/balticguide.ee\/wp-content\/uploads\/2013\/06\/TBG11EST_suvi.pdf\" target=\"_blank\">Lae alla meediakaart<\/a><\/td>\n<\/tr>\n<tr>\n<td colspan=\"4\">\n<h3>The Baltic Guide\u00a0 &#8211; rootsi keeles<\/h3>\n<\/td>\n<\/tr>\n<tr>\n<td>TBG rootsi keeles<\/td>\n<td>TBG in Swedish<\/td>\n<td>Eesti suvi &#8211; erinumber<\/td>\n<td><\/td>\n<\/tr>\n<tr>\n<td><a href=\"https:\/\/balticguide.ee\/wp-content\/uploads\/2013\/06\/RBG_meediakaart_2011_est.pdf\" target=\"_blank\"><img loading=\"lazy\" decoding=\"async\" class=\"alignnone size-full wp-image-217\" alt=\"rbg_meediakaart2011_I\" src=\"https:\/\/balticguide.ee\/wp-content\/uploads\/2013\/06\/TBG-rootsi-1.jpg\" width=\"131\" height=\"185\" \/><\/a><\/td>\n<td><a href=\"https:\/\/balticguide.ee\/wp-content\/uploads\/2013\/06\/RBG_meedikaart_2011_eng.pdf\" target=\"_blank\"><img loading=\"lazy\" decoding=\"async\" class=\"alignnone size-full wp-image-218\" alt=\"rbg_meediakaart2011_I\" src=\"https:\/\/balticguide.ee\/wp-content\/uploads\/2013\/06\/TBG-rootsi-2.jpg\" width=\"131\" height=\"185\" \/><\/a><\/td>\n<td><a href=\"https:\/\/balticguide.ee\/wp-content\/uploads\/2013\/06\/XRBG_meediakaart_2011_est.pdf\" target=\"_blank\"><img loading=\"lazy\" decoding=\"async\" class=\"alignnone size-full wp-image-219\" alt=\"Yldine ekstra meediakaart2011UUS\" src=\"https:\/\/balticguide.ee\/wp-content\/uploads\/2013\/06\/TBG-rootsi-3.jpg\" width=\"131\" height=\"185\" \/><\/a><\/td>\n<td><\/td>\n<\/tr>\n<tr>\n<td><a href=\"https:\/\/balticguide.ee\/wp-content\/uploads\/2013\/06\/RBG_meediakaart_2011_est.pdf\" target=\"_blank\">Lae alla meediakaart<\/a><\/td>\n<td><a href=\"https:\/\/balticguide.ee\/wp-content\/uploads\/2013\/06\/RBG_meedikaart_2011_eng.pdf\" target=\"_blank\">Download mediakit<\/a><\/td>\n<td><a href=\"https:\/\/balticguide.ee\/wp-content\/uploads\/2013\/06\/XRBG_meediakaart_2011_est.pdf\" target=\"_blank\">Lae alla meediakaart<\/a><\/td>\n<td><\/td>\n<\/tr>\n<tr>\n<td colspan=\"4\">\n<h3>The Baltic Guide\u00a0 &#8211;\u00a0 eesti keeles<\/h3>\n<\/td>\n<\/tr>\n<tr>\n<td>TBG viroksi<\/td>\n<td><\/td>\n<td><\/td>\n<td><\/td>\n<\/tr>\n<tr>\n<td><a href=\"https:\/\/balticguide.ee\/wp-content\/uploads\/2013\/06\/EBG11FIN.pdf\" target=\"_blank\"><img loading=\"lazy\" decoding=\"async\" class=\"alignnone size-full wp-image-216\" alt=\"Meediakaart 2010 print1\" src=\"https:\/\/balticguide.ee\/wp-content\/uploads\/2013\/06\/TBG-eesti.jpg\" width=\"131\" height=\"185\" \/><\/a><\/td>\n<td><\/td>\n<td><\/td>\n<td><\/td>\n<\/tr>\n<tr>\n<td><a href=\"https:\/\/balticguide.ee\/wp-content\/uploads\/2013\/06\/EBG11FIN.pdf\" target=\"_blank\">Lataa mediakortti<\/a><\/td>\n<td><\/td>\n<td><\/td>\n<td><\/td>\n<\/tr>\n<tr>\n<td colspan=\"4\">\n<h3>Statistika\u00a0 &#8211;\u00a0 eesti keeles<\/h3>\n<\/td>\n<\/tr>\n<tr>\n<td><a href=\"https:\/\/balticguide.ee\/wp-content\/uploads\/2013\/06\/Statistika-2011_net.pdf\" target=\"_blank\"><img loading=\"lazy\" decoding=\"async\" class=\"alignnone size-full wp-image-215\" alt=\"statistika-eesti\" src=\"https:\/\/balticguide.ee\/wp-content\/uploads\/2013\/06\/statistika-eesti.jpg\" width=\"131\" height=\"185\" \/><\/a><\/td>\n<td><\/td>\n<td><\/td>\n<td><\/td>\n<\/tr>\n<tr>\n<td><a href=\"https:\/\/balticguide.ee\/wp-content\/uploads\/2013\/06\/Statistika-2011_net.pdf\" target=\"_blank\">Lae alla statistika<\/a><\/td>\n<td><\/td>\n<td><\/td>\n<td><\/td>\n<\/tr>\n<\/tbody>\n<\/table>\n","protected":false},"excerpt":{"rendered":"<p>The Baltic Guide ajalehed on saavutanud aastatega suure tuntuse ja populaarsuse ning on kindlalt Eestit k\u00fclastavate turistide seas turismialastest v\u00e4ljaannetest &hellip; <span class=\"read-more-excerpt\">Loe veel<\/span><\/p>\n","protected":false},"author":1,"featured_media":0,"parent":10,"menu_order":0,"comment_status":"closed","ping_status":"open","template":"","meta":{"_acf_changed":false,"om_disable_all_campaigns":false,"_monsterinsights_skip_tracking":false,"_monsterinsights_sitenote_active":false,"_monsterinsights_sitenote_note":"","_monsterinsights_sitenote_category":0,"_uf_show_specific_survey":0,"_uf_disable_surveys":false,"ngg_post_thumbnail":0,"footnotes":"","_links_to":"","_links_to_target":""},"class_list":["post-81","page","type-page","status-publish","hentry"],"acf":[],"aioseo_notices":[],"_links":{"self":[{"href":"https:\/\/balticguide.ee\/et\/wp-json\/wp\/v2\/pages\/81","targetHints":{"allow":["GET"]}}],"collection":[{"href":"https:\/\/balticguide.ee\/et\/wp-json\/wp\/v2\/pages"}],"about":[{"href":"https:\/\/balticguide.ee\/et\/wp-json\/wp\/v2\/types\/page"}],"author":[{"embeddable":true,"href":"https:\/\/balticguide.ee\/et\/wp-json\/wp\/v2\/users\/1"}],"replies":[{"embeddable":true,"href":"https:\/\/balticguide.ee\/et\/wp-json\/wp\/v2\/comments?post=81"}],"version-history":[{"count":0,"href":"https:\/\/balticguide.ee\/et\/wp-json\/wp\/v2\/pages\/81\/revisions"}],"up":[{"embeddable":true,"href":"https:\/\/balticguide.ee\/et\/wp-json\/wp\/v2\/pages\/10"}],"wp:attachment":[{"href":"https:\/\/balticguide.ee\/et\/wp-json\/wp\/v2\/media?parent=81"}],"curies":[{"name":"wp","href":"https:\/\/api.w.org\/{rel}","templated":true}]}}